{"id":765,"date":"2024-03-21T09:30:22","date_gmt":"2024-03-21T09:30:22","guid":{"rendered":"https:\/\/romatenerife.com\/?page_id=765"},"modified":"2025-08-25T07:29:36","modified_gmt":"2025-08-25T07:29:36","slug":"meats","status":"publish","type":"page","link":"https:\/\/romatenerife.com\/en\/meats\/","title":{"rendered":"Meats"},"content":{"rendered":"<section class=\"l-section wpb_row us_custom_de67d1db height_medium width_full\"><div class=\"l-section-h i-cf\"><div class=\"g-cols vc_row via_grid cols_1 laptops-cols_inherit tablets-cols_inherit mobiles-cols_1 valign_top type_default stacking_default\"><div class=\"wpb_column vc_column_container\"><div class=\"vc_column-inner\">[vc_custom_heading text=&#8221;MENU&#8221; font_container=&#8221;tag:div|text_align:left&#8221; use_theme_fonts=&#8221;yes&#8221; css=&#8221;%7B%22default%22%3A%7B%22text-align%22%3A%22center%22%2C%22font-size%22%3A%220.8rem%22%2C%22text-transform%22%3A%22uppercase%22%2C%22animation-name%22%3A%22fade%22%2C%22animation-delay%22%3A%220.5s%22%7D%7D&#8221;][vc_custom_heading text=&#8221;Meats&#8221; font_container=&#8221;tag:h2|text_align:center&#8221; use_theme_fonts=&#8221;yes&#8221; css=&#8221;%7B%22default%22%3A%7B%22color%22%3A%22%23333333%22%2C%22text-transform%22%3A%22uppercase%22%2C%22animation-name%22%3A%22fade%22%2C%22animation-delay%22%3A%220.5s%22%7D%7D&#8221;]<div class=\"w-image us_custom_f1a4f275 us_animate_this align_center\"><div class=\"w-image-h\"><img loading=\"lazy\" decoding=\"async\" width=\"116\" height=\"5\" src=\"https:\/\/romatenerife.com\/wp-content\/uploads\/2024\/03\/separador.png\" class=\"attachment-full size-full\" alt=\"\" \/><\/div><\/div><\/div><\/div><\/div><\/div><\/section><section class=\"l-section wpb_row height_auto\"><div class=\"l-section-h i-cf\"><div class=\"g-cols vc_row via_grid cols_1 laptops-cols_inherit tablets-cols_inherit mobiles-cols_1 valign_top type_default stacking_default\"><div class=\"wpb_column vc_column_container\"><div class=\"vc_column-inner\"><div class=\"w-tabs us_custom_f1a4f275 us_animate_this style_default switch_click accordion has_scrolling\" style=\"--sections-title-size:inherit\"><div class=\"w-tabs-sections titles-align_none icon_chevron cpos_right\"><div class=\"w-tabs-section\" id=\"i1eb\"><button class=\"w-tabs-section-header with_icon\" aria-controls=\"content-i1eb\" aria-expanded=\"false\"><i class=\"fas fa-cheeseburger\"><\/i><div class=\"w-tabs-section-title\">GOURMET BURGERS<\/div><div class=\"w-tabs-section-control\"><\/div><\/button><div  class=\"w-tabs-section-content\" id=\"content-i1eb\"><div class=\"w-tabs-section-content-h i-cf\"><div class=\"wpb_text_column\"><div class=\"wpb_wrapper\"><p>(<strong>American Black Angus<\/strong>, served with coleslaw, french fries, ketchup and sweet mustard)<\/p>\n<\/div><\/div><div class=\"w-separator size_medium\"><\/div><div class=\"g-cols wpb_row via_grid cols_2 laptops-cols_inherit tablets-cols_inherit mobiles-cols_1 valign_top type_default stacking_default\"><div class=\"wpb_column vc_column_container\"><div class=\"vc_column-inner\"><div class=\"w-vwrapper align_none valign_top\"><div class=\"wpb_text_column\"><div class=\"wpb_wrapper\"><h4>43- London Burger<\/h4>\n<p>250gr of Black Angus, lettuce, tomato, onion, cheddar cheese, pickle and mayonnaise.<\/p>\n<\/div><\/div><div class=\"w-separator size_medium\"><\/div><\/div><\/div><\/div><div class=\"wpb_column vc_column_container\"><div class=\"vc_column-inner\"><div class=\"w-vwrapper align_none valign_top\"><div class=\"wpb_text_column\"><div class=\"wpb_wrapper\"><h4>44- American Cheeseburger<\/h4>\n<p>250gr. of Black Angus, lettuce, tomato, onion, pickle, cheddar cheese, crispy bacon and mayonnaise.<\/p>\n<\/div><\/div><div class=\"w-separator size_medium\"><\/div><\/div><\/div><\/div><\/div><div class=\"g-cols wpb_row via_grid cols_2 laptops-cols_inherit tablets-cols_inherit mobiles-cols_1 valign_top type_default stacking_default\"><div class=\"wpb_column vc_column_container\"><div class=\"vc_column-inner\"><div class=\"w-vwrapper align_none valign_top\"><div class=\"wpb_text_column\"><div class=\"wpb_wrapper\"><h4>45- Prime Burger<\/h4>\n<p>250 gr. of Black Angus, arugula, caramelized onion and melted Brie cheese.<\/p>\n<\/div><\/div><div class=\"w-separator size_medium\"><\/div><\/div><\/div><\/div><div class=\"wpb_column vc_column_container\"><div class=\"vc_column-inner\"><div class=\"w-vwrapper align_none valign_top\"><div class=\"wpb_text_column\"><div class=\"wpb_wrapper\"><h4>Sauces and hamburger extras<\/h4>\n<p><strong>SAUCES:<\/strong><\/p>\n<ul>\n<li>Diablo<\/li>\n<li>Barbacoa<\/li>\n<li>Special Burger Sauce<\/li>\n<\/ul>\n<p><strong>EXTRAS:<\/strong><\/p>\n<ul>\n<li>Fried egg<\/li>\n<\/ul>\n<\/div><\/div><div class=\"w-separator size_medium\"><\/div><\/div><\/div><\/div><\/div><\/div><\/div><\/div><div class=\"w-tabs-section\" id=\"rf23\"><button class=\"w-tabs-section-header with_icon\" aria-controls=\"content-rf23\" aria-expanded=\"false\"><i class=\"fas fa-steak\"><\/i><div class=\"w-tabs-section-title\">MEATS<\/div><div class=\"w-tabs-section-control\"><\/div><\/button><div  class=\"w-tabs-section-content\" id=\"content-rf23\"><div class=\"w-tabs-section-content-h i-cf\"><div class=\"wpb_text_column\"><div class=\"wpb_wrapper\"><p>Served with garnish<\/p>\n<\/div><\/div><div class=\"w-separator size_medium\"><\/div><div class=\"g-cols wpb_row via_grid cols_2 laptops-cols_inherit tablets-cols_inherit mobiles-cols_1 valign_top type_default stacking_default\"><div class=\"wpb_column vc_column_container\"><div class=\"vc_column-inner\"><div class=\"w-vwrapper align_none valign_top\"><div class=\"wpb_text_column\"><div class=\"wpb_wrapper\"><h4>46- Chicken breast<\/h4>\n<\/div><\/div><div class=\"w-separator size_medium\"><\/div><\/div><\/div><\/div><div class=\"wpb_column vc_column_container\"><div class=\"vc_column-inner\"><div class=\"w-vwrapper align_none valign_top\"><div class=\"wpb_text_column\"><div class=\"wpb_wrapper\"><h4>47- Rib Eye Steak<\/h4>\n<\/div><\/div><div class=\"w-separator size_medium\"><\/div><\/div><\/div><\/div><\/div><div class=\"g-cols wpb_row via_grid cols_2 laptops-cols_inherit tablets-cols_inherit mobiles-cols_1 valign_top type_default stacking_default\"><div class=\"wpb_column vc_column_container\"><div class=\"vc_column-inner\"><div class=\"w-vwrapper align_none valign_top\"><div class=\"wpb_text_column\"><div class=\"wpb_wrapper\"><h4>48- Fillet Steak<\/h4>\n<\/div><\/div><div class=\"w-separator size_medium\"><\/div><\/div><\/div><\/div><div class=\"wpb_column vc_column_container\"><div class=\"vc_column-inner\"><div class=\"w-vwrapper align_none valign_top\"><div class=\"wpb_text_column\"><div class=\"wpb_wrapper\"><h4>Sauces to combine meats<\/h4>\n<\/div><\/div><div class=\"w-hwrapper align_none valign_top\" style=\"--hwrapper-gap:0.5rem\"><div class=\"w-text\"><span class=\"w-text-h\"><span class=\"w-text-value\">* Mushrooms<\/span><\/span><\/div><\/div><div class=\"w-hwrapper align_none valign_top\" style=\"--hwrapper-gap:0.5rem\"><div class=\"w-text\"><span class=\"w-text-h\"><span class=\"w-text-value\">* 3 Peppers<\/span><\/span><\/div><\/div><div class=\"w-hwrapper align_none valign_top\" style=\"--hwrapper-gap:0.5rem\"><div class=\"w-text\"><span class=\"w-text-h\"><span class=\"w-text-value\">* 3 Cheeses<\/span><\/span><\/div><\/div><div class=\"w-hwrapper align_none valign_top\" style=\"--hwrapper-gap:0.5rem\"><div class=\"w-text\"><span class=\"w-text-h\"><span class=\"w-text-value\">* Barbecue<\/span><\/span><\/div><\/div><div class=\"w-separator size_medium\"><\/div><\/div><\/div><\/div><\/div><\/div><\/div><\/div><div class=\"w-tabs-section\" id=\"mbcd\"><button class=\"w-tabs-section-header with_icon\" aria-controls=\"content-mbcd\" aria-expanded=\"false\"><i class=\"fas fa-hat-chef\"><\/i><div class=\"w-tabs-section-title\">CHEF&#8217;S SUGGESTIONS FOR MEATS<\/div><div class=\"w-tabs-section-control\"><\/div><\/button><div  class=\"w-tabs-section-content\" id=\"content-mbcd\"><div class=\"w-tabs-section-content-h i-cf\"><div class=\"g-cols wpb_row via_grid cols_2 laptops-cols_inherit tablets-cols_inherit mobiles-cols_1 valign_top type_default stacking_default\"><div class=\"wpb_column vc_column_container\"><div class=\"vc_column-inner\"><div class=\"w-vwrapper align_none valign_top\"><div class=\"wpb_text_column\"><div class=\"wpb_wrapper\"><h4>49- Chicken Escalope Milenese<\/h4>\n<p>Served with french fries and coleslaw.<\/p>\n<\/div><\/div><div class=\"w-separator size_medium\"><\/div><\/div><\/div><\/div><div class=\"wpb_column vc_column_container\"><div class=\"vc_column-inner\"><div class=\"w-vwrapper align_none valign_top\"><div class=\"wpb_text_column\"><div class=\"wpb_wrapper\"><h4>50- Chicken carbonara<\/h4>\n<p>Sauteed with bacon, egg, cream and parmesan, served with rice and vegetables.<\/p>\n<\/div><\/div><div class=\"w-separator size_medium\"><\/div><\/div><\/div><\/div><\/div><div class=\"g-cols wpb_row via_grid cols_2 laptops-cols_inherit tablets-cols_inherit mobiles-cols_1 valign_top type_default stacking_default\"><div class=\"wpb_column vc_column_container\"><div class=\"vc_column-inner\"><div class=\"w-vwrapper align_none valign_top\"><div class=\"wpb_text_column\"><div class=\"wpb_wrapper\"><h4>51- Saut\u00e9ed chicken<\/h4>\n<p>With wild mushrooms, mushrooms and cream, served with rice and french fries.<\/p>\n<\/div><\/div><div class=\"w-separator size_medium\"><\/div><\/div><\/div><\/div><div class=\"wpb_column vc_column_container\"><div class=\"vc_column-inner\"><div class=\"w-vwrapper align_none valign_top\"><div class=\"wpb_text_column\"><div class=\"wpb_wrapper\"><h4>52- Saut\u00e9ed Chicken alla Arrabiata<\/h4>\n<p>With spicy tomato sauce, served with vegetables and potatoes.<\/p>\n<\/div><\/div><div class=\"w-separator size_medium\"><\/div><\/div><\/div><\/div><\/div><div class=\"g-cols wpb_row via_grid cols_2 laptops-cols_inherit tablets-cols_inherit mobiles-cols_1 valign_top type_default stacking_default\"><div class=\"wpb_column vc_column_container\"><div class=\"vc_column-inner\"><div class=\"w-vwrapper align_none valign_top\"><div class=\"wpb_text_column\"><div class=\"wpb_wrapper\"><h4>53- Sirloin steak tips with garlic<\/h4>\n<\/div><\/div><div class=\"w-separator size_medium\"><\/div><\/div><\/div><\/div><div class=\"wpb_column vc_column_container\"><div class=\"vc_column-inner\"><div class=\"w-vwrapper align_none valign_top\"><div class=\"wpb_text_column\"><div class=\"wpb_wrapper\"><h4>54- Sirloin tips<\/h4>\n<p>Sauteed with garlic and wild mushrooms, with french fries.<\/p>\n<\/div><\/div><div class=\"w-separator size_medium\"><\/div><\/div><\/div><\/div><\/div><div class=\"g-cols wpb_row via_grid cols_2 laptops-cols_inherit tablets-cols_inherit mobiles-cols_1 valign_top type_default stacking_default\"><div class=\"wpb_column vc_column_container\"><div class=\"vc_column-inner\"><div class=\"w-vwrapper align_none valign_top\"><div class=\"wpb_text_column\"><div class=\"wpb_wrapper\"><h4>55- High loin tagliata<\/h4>\n<p>Over arugula with cherry tomatoes and parmesan flakes with french fries.<\/p>\n<\/div><\/div><div class=\"w-separator size_medium\"><\/div><\/div><\/div><\/div><div class=\"wpb_column vc_column_container\"><div class=\"vc_column-inner\"><div class=\"w-vwrapper align_none valign_top\"><div class=\"wpb_text_column\"><div class=\"wpb_wrapper\"><h4>56- Filet Mignon<\/h4>\n<p>With bacon, saut\u00e9ed mushrooms, onion and mushroom sauce. Served with vegetables and potatoes.<\/p>\n<\/div><\/div><div class=\"w-separator size_medium\"><\/div><\/div><\/div><\/div><\/div><div class=\"g-cols wpb_row via_grid cols_2 laptops-cols_inherit tablets-cols_inherit mobiles-cols_1 valign_top type_default stacking_default\"><div class=\"wpb_column vc_column_container\"><div class=\"vc_column-inner\"><div class=\"w-vwrapper align_none valign_top\"><div class=\"wpb_text_column\"><div class=\"wpb_wrapper\"><h4>57- Braised oxtail alla Lombarda<\/h4>\n<p>Served with french fries.<\/p>\n<\/div><\/div><div class=\"w-separator size_medium\"><\/div><\/div><\/div><\/div><\/div><\/div><\/div><\/div><div class=\"w-tabs-section\" id=\"cf55\"><button class=\"w-tabs-section-header with_icon\" aria-controls=\"content-cf55\" aria-expanded=\"false\"><i class=\"fas fa-plus\"><\/i><div class=\"w-tabs-section-title\">EXTRAS<\/div><div class=\"w-tabs-section-control\"><\/div><\/button><div  class=\"w-tabs-section-content\" id=\"content-cf55\"><div class=\"w-tabs-section-content-h i-cf\"><div class=\"g-cols wpb_row via_grid cols_2 laptops-cols_inherit tablets-cols_inherit mobiles-cols_1 valign_top type_default stacking_default\"><div class=\"wpb_column vc_column_container\"><div class=\"vc_column-inner\"><div class=\"w-vwrapper align_none valign_top\"><div class=\"wpb_text_column\"><div class=\"wpb_wrapper\"><h4>58- French fries<\/h4>\n<\/div><\/div><div class=\"w-separator size_medium\"><\/div><\/div><\/div><\/div><div class=\"wpb_column vc_column_container\"><div class=\"vc_column-inner\"><div class=\"w-vwrapper align_none valign_top\"><div class=\"wpb_text_column\"><div class=\"wpb_wrapper\"><h4>59- Onion rings<\/h4>\n<\/div><\/div><div class=\"w-separator size_medium\"><\/div><\/div><\/div><\/div><\/div><div class=\"g-cols wpb_row via_grid cols_2 laptops-cols_inherit tablets-cols_inherit mobiles-cols_1 valign_top type_default stacking_default\"><div class=\"wpb_column vc_column_container\"><div class=\"vc_column-inner\"><div class=\"w-vwrapper align_none valign_top\"><div class=\"wpb_text_column\"><div class=\"wpb_wrapper\"><h4>60- Grilled tomato<\/h4>\n<\/div><\/div><div class=\"w-separator size_medium\"><\/div><\/div><\/div><\/div><\/div><\/div><\/div><\/div><\/div><\/div><\/div><\/div><\/div><\/div><\/section><section class=\"l-section wpb_row height_medium\"><div class=\"l-section-h i-cf\"><div class=\"g-cols vc_row via_grid cols_1 laptops-cols_inherit tablets-cols_inherit mobiles-cols_1 valign_top type_default stacking_default\"><div class=\"wpb_column vc_column_container\"><div class=\"vc_column-inner\"><div class=\"w-btn-wrapper align_none\"><a class=\"w-btn us-btn-style_1 us_custom_f1a4f275 us_animate_this\" title=\"Menu\" href=\"https:\/\/romatenerife.com\/en\/menu\/\"><span class=\"w-btn-label\">Back to menu<\/span><\/a><\/div><div class=\"w-separator size_medium\"><\/div><\/div><\/div><\/div><\/div><\/section>\n","protected":false},"excerpt":{"rendered":"[vc_custom_heading text=\"MENU\" font_container=\"tag:div|text_align:left\" use_theme_fonts=\"yes\" css=\"%7B%22default%22%3A%7B%22text-align%22%3A%22center%22%2C%22font-size%22%3A%220.8rem%22%2C%22text-transform%22%3A%22uppercase%22%2C%22animation-name%22%3A%22fade%22%2C%22animation-delay%22%3A%220.5s%22%7D%7D\"][vc_custom_heading text=\"Meats\" font_container=\"tag:h2|text_align:center\" use_theme_fonts=\"yes\" css=\"%7B%22default%22%3A%7B%22color%22%3A%22%23333333%22%2C%22text-transform%22%3A%22uppercase%22%2C%22animation-name%22%3A%22fade%22%2C%22animation-delay%22%3A%220.5s%22%7D%7D\"]GOURMET BURGERS(American Black Angus, served with coleslaw, french fries, ketchup and sweet mustard) 43- London Burger 250gr of Black Angus, lettuce, tomato, onion, cheddar cheese, pickle and mayonnaise. 44- American Cheeseburger 250gr. of Black Angus, lettuce, tomato, onion, pickle, cheddar cheese, crispy bacon and mayonnaise. 45- Prime...","protected":false},"author":2,"featured_media":0,"parent":0,"menu_order":0,"comment_status":"closed","ping_status":"closed","template":"","meta":{"footnotes":""},"class_list":["post-765","page","type-page","status-publish","hentry"],"yoast_head":"<!-- This site is optimized with the Yoast SEO Premium plugin v26.2 (Yoast SEO v26.2) - https:\/\/yoast.com\/wordpress\/plugins\/seo\/ -->\n<title>Meats - Trattoria Roma | Gourmetland Tenerife<\/title>\n<meta name=\"robots\" content=\"index, follow, max-snippet:-1, max-image-preview:large, max-video-preview:-1\" \/>\n<link rel=\"canonical\" href=\"https:\/\/romatenerife.com\/en\/meats\/\" \/>\n<meta property=\"og:locale\" content=\"en_US\" \/>\n<meta property=\"og:type\" content=\"article\" \/>\n<meta property=\"og:title\" content=\"Meats\" \/>\n<meta property=\"og:url\" content=\"https:\/\/romatenerife.com\/en\/meats\/\" \/>\n<meta property=\"og:site_name\" content=\"Trattoria Roma | Gourmetland Tenerife\" \/>\n<meta property=\"article:modified_time\" content=\"2025-08-25T07:29:36+00:00\" \/>\n<meta name=\"twitter:card\" content=\"summary_large_image\" \/>\n<meta name=\"twitter:label1\" content=\"Est. reading time\" \/>\n\t<meta name=\"twitter:data1\" content=\"2 minutes\" \/>\n<script type=\"application\/ld+json\" class=\"yoast-schema-graph\">{\"@context\":\"https:\/\/schema.org\",\"@graph\":[{\"@type\":\"WebPage\",\"@id\":\"https:\/\/romatenerife.com\/en\/meats\/\",\"url\":\"https:\/\/romatenerife.com\/en\/meats\/\",\"name\":\"Meats - Trattoria Roma | Gourmetland Tenerife\",\"isPartOf\":{\"@id\":\"https:\/\/romatenerife.com\/#website\"},\"datePublished\":\"2024-03-21T09:30:22+00:00\",\"dateModified\":\"2025-08-25T07:29:36+00:00\",\"breadcrumb\":{\"@id\":\"https:\/\/romatenerife.com\/en\/meats\/#breadcrumb\"},\"inLanguage\":\"en-US\",\"potentialAction\":[{\"@type\":\"ReadAction\",\"target\":[\"https:\/\/romatenerife.com\/en\/meats\/\"]}]},{\"@type\":\"BreadcrumbList\",\"@id\":\"https:\/\/romatenerife.com\/en\/meats\/#breadcrumb\",\"itemListElement\":[{\"@type\":\"ListItem\",\"position\":1,\"name\":\"Portada\",\"item\":\"https:\/\/romatenerife.com\/en\/home\/\"},{\"@type\":\"ListItem\",\"position\":2,\"name\":\"Meats\"}]},{\"@type\":\"WebSite\",\"@id\":\"https:\/\/romatenerife.com\/#website\",\"url\":\"https:\/\/romatenerife.com\/\",\"name\":\"Trattoria Roma | Gourmetland Tenerife\",\"description\":\"Restaurante italiano en Tenerife Sur\",\"publisher\":{\"@id\":\"https:\/\/romatenerife.com\/#organization\"},\"potentialAction\":[{\"@type\":\"SearchAction\",\"target\":{\"@type\":\"EntryPoint\",\"urlTemplate\":\"https:\/\/romatenerife.com\/?s={search_term_string}\"},\"query-input\":{\"@type\":\"PropertyValueSpecification\",\"valueRequired\":true,\"valueName\":\"search_term_string\"}}],\"inLanguage\":\"en-US\"},{\"@type\":[\"Organization\",\"Place\",\"Restaurant\"],\"@id\":\"https:\/\/romatenerife.com\/#organization\",\"name\":\"Trattoria Roma\",\"url\":\"https:\/\/romatenerife.com\/\",\"logo\":{\"@id\":\"https:\/\/romatenerife.com\/en\/meats\/#local-main-organization-logo\"},\"image\":{\"@id\":\"https:\/\/romatenerife.com\/en\/meats\/#local-main-organization-logo\"},\"address\":{\"@id\":\"https:\/\/romatenerife.com\/en\/meats\/#local-main-place-address\"},\"geo\":{\"@type\":\"GeoCoordinates\",\"latitude\":\"31.2282253712093\",\"longitude\":\"-17.455576983527454\"},\"telephone\":[],\"contactPoint\":{\"@type\":\"ContactPoint\",\"telephone\":\"922796115\",\"email\":\"info@romatenerife.com\"},\"openingHoursSpecification\":[{\"@type\":\"OpeningHoursSpecification\",\"dayOfWeek\":[\"Monday\",\"Tuesday\",\"Wednesday\",\"Thursday\",\"Friday\",\"Saturday\",\"Sunday\"],\"opens\":\"13:00\",\"closes\":\"23:00\"}],\"areaServed\":\"Tenerife\",\"priceRange\":\"$$\",\"currenciesAccepted\":\"Euro\"},{\"@type\":\"PostalAddress\",\"@id\":\"https:\/\/romatenerife.com\/en\/meats\/#local-main-place-address\",\"streetAddress\":\"Safari Avenida de la Playa de las Am\u00e9ricas, 5, 38650 Playa de la Am\u00e9ricas, Santa Cruz de Tenerife\",\"addressLocality\":\"Playa de la Am\u00e9ricas\",\"postalCode\":\"38660\",\"addressCountry\":\"ES\"},{\"@type\":\"ImageObject\",\"inLanguage\":\"en-US\",\"@id\":\"https:\/\/romatenerife.com\/en\/meats\/#local-main-organization-logo\",\"url\":\"https:\/\/romatenerife.com\/wp-content\/uploads\/2023\/05\/roma.png\",\"contentUrl\":\"https:\/\/romatenerife.com\/wp-content\/uploads\/2023\/05\/roma.png\",\"width\":350,\"height\":350,\"caption\":\"Trattoria Roma\"}]}<\/script>\n<meta name=\"geo.placename\" content=\"Playa de la Am\u00e9ricas\" \/>\n<meta name=\"geo.position\" content=\"31.2282253712093;-17.455576983527454\" \/>\n<meta name=\"geo.region\" content=\"Spain\" \/>\n<!-- \/ Yoast SEO Premium plugin. -->","yoast_head_json":{"title":"Meats - Trattoria Roma | Gourmetland Tenerife","robots":{"index":"index","follow":"follow","max-snippet":"max-snippet:-1","max-image-preview":"max-image-preview:large","max-video-preview":"max-video-preview:-1"},"canonical":"https:\/\/romatenerife.com\/en\/meats\/","og_locale":"en_US","og_type":"article","og_title":"Meats","og_url":"https:\/\/romatenerife.com\/en\/meats\/","og_site_name":"Trattoria Roma | Gourmetland Tenerife","article_modified_time":"2025-08-25T07:29:36+00:00","twitter_card":"summary_large_image","twitter_misc":{"Est. reading time":"2 minutes"},"schema":{"@context":"https:\/\/schema.org","@graph":[{"@type":"WebPage","@id":"https:\/\/romatenerife.com\/en\/meats\/","url":"https:\/\/romatenerife.com\/en\/meats\/","name":"Meats - Trattoria Roma | Gourmetland Tenerife","isPartOf":{"@id":"https:\/\/romatenerife.com\/#website"},"datePublished":"2024-03-21T09:30:22+00:00","dateModified":"2025-08-25T07:29:36+00:00","breadcrumb":{"@id":"https:\/\/romatenerife.com\/en\/meats\/#breadcrumb"},"inLanguage":"en-US","potentialAction":[{"@type":"ReadAction","target":["https:\/\/romatenerife.com\/en\/meats\/"]}]},{"@type":"BreadcrumbList","@id":"https:\/\/romatenerife.com\/en\/meats\/#breadcrumb","itemListElement":[{"@type":"ListItem","position":1,"name":"Portada","item":"https:\/\/romatenerife.com\/en\/home\/"},{"@type":"ListItem","position":2,"name":"Meats"}]},{"@type":"WebSite","@id":"https:\/\/romatenerife.com\/#website","url":"https:\/\/romatenerife.com\/","name":"Trattoria Roma | Gourmetland Tenerife","description":"Restaurante italiano en Tenerife Sur","publisher":{"@id":"https:\/\/romatenerife.com\/#organization"},"potentialAction":[{"@type":"SearchAction","target":{"@type":"EntryPoint","urlTemplate":"https:\/\/romatenerife.com\/?s={search_term_string}"},"query-input":{"@type":"PropertyValueSpecification","valueRequired":true,"valueName":"search_term_string"}}],"inLanguage":"en-US"},{"@type":["Organization","Place","Restaurant"],"@id":"https:\/\/romatenerife.com\/#organization","name":"Trattoria Roma","url":"https:\/\/romatenerife.com\/","logo":{"@id":"https:\/\/romatenerife.com\/en\/meats\/#local-main-organization-logo"},"image":{"@id":"https:\/\/romatenerife.com\/en\/meats\/#local-main-organization-logo"},"address":{"@id":"https:\/\/romatenerife.com\/en\/meats\/#local-main-place-address"},"geo":{"@type":"GeoCoordinates","latitude":"31.2282253712093","longitude":"-17.455576983527454"},"telephone":[],"contactPoint":{"@type":"ContactPoint","telephone":"922796115","email":"info@romatenerife.com"},"openingHoursSpecification":[{"@type":"OpeningHoursSpecification","dayOfWeek":["Monday","Tuesday","Wednesday","Thursday","Friday","Saturday","Sunday"],"opens":"13:00","closes":"23:00"}],"areaServed":"Tenerife","priceRange":"$$","currenciesAccepted":"Euro"},{"@type":"PostalAddress","@id":"https:\/\/romatenerife.com\/en\/meats\/#local-main-place-address","streetAddress":"Safari Avenida de la Playa de las Am\u00e9ricas, 5, 38650 Playa de la Am\u00e9ricas, Santa Cruz de Tenerife","addressLocality":"Playa de la Am\u00e9ricas","postalCode":"38660","addressCountry":"ES"},{"@type":"ImageObject","inLanguage":"en-US","@id":"https:\/\/romatenerife.com\/en\/meats\/#local-main-organization-logo","url":"https:\/\/romatenerife.com\/wp-content\/uploads\/2023\/05\/roma.png","contentUrl":"https:\/\/romatenerife.com\/wp-content\/uploads\/2023\/05\/roma.png","width":350,"height":350,"caption":"Trattoria Roma"}]},"geo.placename":"Playa de la Am\u00e9ricas","geo.position":{"lat":"31.2282253712093","long":"-17.455576983527454"},"geo.region":"Spain"},"_links":{"self":[{"href":"https:\/\/romatenerife.com\/en\/wp-json\/wp\/v2\/pages\/765","targetHints":{"allow":["GET"]}}],"collection":[{"href":"https:\/\/romatenerife.com\/en\/wp-json\/wp\/v2\/pages"}],"about":[{"href":"https:\/\/romatenerife.com\/en\/wp-json\/wp\/v2\/types\/page"}],"author":[{"embeddable":true,"href":"https:\/\/romatenerife.com\/en\/wp-json\/wp\/v2\/users\/2"}],"replies":[{"embeddable":true,"href":"https:\/\/romatenerife.com\/en\/wp-json\/wp\/v2\/comments?post=765"}],"version-history":[{"count":4,"href":"https:\/\/romatenerife.com\/en\/wp-json\/wp\/v2\/pages\/765\/revisions"}],"predecessor-version":[{"id":922,"href":"https:\/\/romatenerife.com\/en\/wp-json\/wp\/v2\/pages\/765\/revisions\/922"}],"wp:attachment":[{"href":"https:\/\/romatenerife.com\/en\/wp-json\/wp\/v2\/media?parent=765"}],"curies":[{"name":"wp","href":"https:\/\/api.w.org\/{rel}","templated":true}]}}