{"id":768,"date":"2024-03-21T09:34:21","date_gmt":"2024-03-21T09:34:21","guid":{"rendered":"https:\/\/romatenerife.com\/?page_id=768"},"modified":"2025-08-25T07:22:53","modified_gmt":"2025-08-25T07:22:53","slug":"fresh-pasta","status":"publish","type":"page","link":"https:\/\/romatenerife.com\/en\/fresh-pasta\/","title":{"rendered":"Fresh Pasta"},"content":{"rendered":"<section class=\"l-section wpb_row us_custom_de67d1db height_medium width_full\"><div class=\"l-section-h i-cf\"><div class=\"g-cols vc_row via_grid cols_1 laptops-cols_inherit tablets-cols_inherit mobiles-cols_1 valign_top type_default stacking_default\"><div class=\"wpb_column vc_column_container\"><div class=\"vc_column-inner\">[vc_custom_heading text=&#8221;MENU&#8221; font_container=&#8221;tag:div|text_align:left&#8221; use_theme_fonts=&#8221;yes&#8221; css=&#8221;%7B%22default%22%3A%7B%22text-align%22%3A%22center%22%2C%22font-size%22%3A%220.8rem%22%2C%22text-transform%22%3A%22uppercase%22%2C%22animation-name%22%3A%22fade%22%2C%22animation-delay%22%3A%220.5s%22%7D%7D&#8221;][vc_custom_heading text=&#8221;Fresh Pasta&#8221; font_container=&#8221;tag:h2|text_align:center&#8221; use_theme_fonts=&#8221;yes&#8221; css=&#8221;%7B%22default%22%3A%7B%22color%22%3A%22%23333333%22%2C%22text-transform%22%3A%22uppercase%22%2C%22animation-name%22%3A%22fade%22%2C%22animation-delay%22%3A%220.5s%22%7D%7D&#8221;]<div class=\"w-image us_custom_f1a4f275 us_animate_this align_center\"><div class=\"w-image-h\"><img loading=\"lazy\" decoding=\"async\" width=\"116\" height=\"5\" src=\"https:\/\/romatenerife.com\/wp-content\/uploads\/2024\/03\/separador.png\" class=\"attachment-full size-full\" alt=\"\" \/><\/div><\/div><\/div><\/div><\/div><\/div><\/section><section class=\"l-section wpb_row us_custom_f1a4f275 us_animate_this height_auto\"><div class=\"l-section-h i-cf\"><div class=\"g-cols vc_row via_grid cols_1 laptops-cols_inherit tablets-cols_inherit mobiles-cols_1 valign_top type_default stacking_default\"><div class=\"wpb_column vc_column_container\"><div class=\"vc_column-inner\"><div class=\"w-tabs us_custom_f1a4f275 us_animate_this style_default switch_click accordion has_scrolling\" style=\"--sections-title-size:inherit\"><div class=\"w-tabs-sections titles-align_none icon_chevron cpos_right\"><div class=\"w-tabs-section\" id=\"pafb\"><button class=\"w-tabs-section-header with_icon\" aria-controls=\"content-pafb\" aria-expanded=\"false\"><i class=\"material-icons\">dinner_dining<\/i><div class=\"w-tabs-section-title\">FRESH PASTA<\/div><div class=\"w-tabs-section-control\"><\/div><\/button><div  class=\"w-tabs-section-content\" id=\"content-pafb\"><div class=\"w-tabs-section-content-h i-cf\"><div class=\"g-cols wpb_row via_grid cols_2 laptops-cols_inherit tablets-cols_inherit mobiles-cols_1 valign_top type_default stacking_default\"><div class=\"wpb_column vc_column_container\"><div class=\"vc_column-inner\"><div class=\"w-vwrapper align_none valign_top\"><div class=\"wpb_text_column\"><div class=\"wpb_wrapper\"><h4>65- Neapolitan Spaghetti<\/h4>\n<p>With tomato sauce and basil.<\/p>\n<\/div><\/div><div class=\"w-separator size_medium\"><\/div><\/div><\/div><\/div><div class=\"wpb_column vc_column_container\"><div class=\"vc_column-inner\"><div class=\"w-vwrapper align_none valign_top\"><div class=\"wpb_text_column\"><div class=\"wpb_wrapper\"><h4>66- Spaghetti Carbonara<\/h4>\n<p>With guanciale, egg, onion, cream, Parmesan, salt, and black pepper.<\/p>\n<\/div><\/div><div class=\"w-separator size_medium\"><\/div><\/div><\/div><\/div><\/div><div class=\"g-cols wpb_row via_grid cols_2 laptops-cols_inherit tablets-cols_inherit mobiles-cols_1 valign_top type_default stacking_default\"><div class=\"wpb_column vc_column_container\"><div class=\"vc_column-inner\"><div class=\"w-vwrapper align_none valign_top\"><div class=\"wpb_text_column\"><div class=\"wpb_wrapper\"><h4>67- Spaghetti Bolognese<\/h4>\n<p>With meat rag\u00f9.<\/p>\n<\/div><\/div><div class=\"w-separator size_medium\"><\/div><\/div><\/div><\/div><div class=\"wpb_column vc_column_container\"><div class=\"vc_column-inner\"><div class=\"w-vwrapper align_none valign_top\"><div class=\"wpb_text_column\"><div class=\"wpb_wrapper\"><h4>68- Spaghetti &#8220;Aglio, olio e peperoncino&#8221;<\/h4>\n<p>Garlic, oil, and chili pepper.<\/p>\n<\/div><\/div><div class=\"w-separator size_medium\"><\/div><\/div><\/div><\/div><\/div><div class=\"g-cols wpb_row via_grid cols_2 laptops-cols_inherit tablets-cols_inherit mobiles-cols_1 valign_top type_default stacking_default\"><div class=\"wpb_column vc_column_container\"><div class=\"vc_column-inner\"><div class=\"w-vwrapper align_none valign_top\"><div class=\"wpb_text_column\"><div class=\"wpb_wrapper\"><h4>69- Neapolitan Spaghetti with Sausage<\/h4>\n<p>Saut\u00e9ed with garlic, Neapolitan sauce, and sausage meat.<\/p>\n<\/div><\/div><div class=\"w-separator size_medium\"><\/div><\/div><\/div><\/div><div class=\"wpb_column vc_column_container\"><div class=\"vc_column-inner\"><div class=\"w-vwrapper align_none valign_top\"><div class=\"wpb_text_column\"><div class=\"wpb_wrapper\"><h4>70- &#8220;Nordic&#8221; Spaghetti<\/h4>\n<p>With garlic, onion, San Marzano cherry tomatoes, salmon, shrimp, and ricotta.<\/p>\n<\/div><\/div><div class=\"w-separator size_medium\"><\/div><\/div><\/div><\/div><\/div><div class=\"g-cols wpb_row via_grid cols_2 laptops-cols_inherit tablets-cols_inherit mobiles-cols_1 valign_top type_default stacking_default\"><div class=\"wpb_column vc_column_container\"><div class=\"vc_column-inner\"><div class=\"w-vwrapper align_none valign_top\"><div class=\"wpb_text_column\"><div class=\"wpb_wrapper\"><h4>71- Spaghetti alle vongole<\/h4>\n<p>With fresh clams (according to market, ask the waiter).<\/p>\n<\/div><\/div><div class=\"w-separator size_medium\"><\/div><\/div><\/div><\/div><div class=\"wpb_column vc_column_container\"><div class=\"vc_column-inner\"><div class=\"w-vwrapper align_none valign_top\"><div class=\"wpb_text_column\"><div class=\"wpb_wrapper\"><h4>72- Spaghetti ai Frutti di mare<\/h4>\n<p>With tomato, garlic, fish stock, prawns, mussels, clams, and squid.<\/p>\n<\/div><\/div><div class=\"w-separator size_medium\"><\/div><\/div><\/div><\/div><\/div><div class=\"g-cols wpb_row via_grid cols_2 laptops-cols_inherit tablets-cols_inherit mobiles-cols_1 valign_top type_default stacking_default\"><div class=\"wpb_column vc_column_container\"><div class=\"vc_column-inner\"><div class=\"w-vwrapper align_none valign_top\"><div class=\"wpb_text_column\"><div class=\"wpb_wrapper\"><h4>73- Tagliatelle with Pesto<\/h4>\n<p>With basil pesto and walnuts.<\/p>\n<\/div><\/div><div class=\"w-separator size_medium\"><\/div><\/div><\/div><\/div><div class=\"wpb_column vc_column_container\"><div class=\"vc_column-inner\"><div class=\"w-vwrapper align_none valign_top\"><div class=\"wpb_text_column\"><div class=\"wpb_wrapper\"><h4>74- Tagliatelle porcini and wild mushrooms<\/h4>\n<p>With cream sauce and black truffle.<\/p>\n<\/div><\/div><div class=\"w-separator size_medium\"><\/div><\/div><\/div><\/div><\/div><div class=\"g-cols wpb_row via_grid cols_2 laptops-cols_inherit tablets-cols_inherit mobiles-cols_1 valign_top type_default stacking_default\"><div class=\"wpb_column vc_column_container\"><div class=\"vc_column-inner\"><div class=\"w-vwrapper align_none valign_top\"><div class=\"wpb_text_column\"><div class=\"wpb_wrapper\"><h4>75- &#8220;Lorenzo&#8221; Tagliatelle<\/h4>\n<p>With fresh chicken, garlic, mushrooms, ricotta, tomato, chili, and fresh cream.<\/p>\n<\/div><\/div><div class=\"w-separator size_medium\"><\/div><\/div><\/div><\/div><div class=\"wpb_column vc_column_container\"><div class=\"vc_column-inner\"><div class=\"w-vwrapper align_none valign_top\"><div class=\"wpb_text_column\"><div class=\"wpb_wrapper\"><h4>76- &#8220;Mare e Monti&#8221; Tagliatelle<\/h4>\n<p>With garlic, onion, wild prawns, mushrooms, and cream.<\/p>\n<\/div><\/div><div class=\"w-separator size_medium\"><\/div><\/div><\/div><\/div><\/div><div class=\"g-cols wpb_row via_grid cols_2 laptops-cols_inherit tablets-cols_inherit mobiles-cols_1 valign_top type_default stacking_default\"><div class=\"wpb_column vc_column_container\"><div class=\"vc_column-inner\"><div class=\"w-vwrapper align_none valign_top\"><div class=\"wpb_text_column\"><div class=\"wpb_wrapper\"><h4>77- &#8220;Mediterranean&#8221; Tagliatelle<\/h4>\n<p>Butter, sage, zucchini, San Marzano cherry tomatoes, and Parmesan flakes.<\/p>\n<\/div><\/div><div class=\"w-separator size_medium\"><\/div><\/div><\/div><\/div><div class=\"wpb_column vc_column_container\"><div class=\"vc_column-inner\"><div class=\"w-vwrapper align_none valign_top\"><div class=\"wpb_text_column\"><div class=\"wpb_wrapper\"><h4>78- &#8220;Alfredo&#8221; Tagliatelle<\/h4>\n<p>Butter, prawns, parsley, garlic, cream, salt, pepper, and Parmesan.<\/p>\n<\/div><\/div><div class=\"w-separator size_medium\"><\/div><\/div><\/div><\/div><\/div><div class=\"g-cols wpb_row via_grid cols_2 laptops-cols_inherit tablets-cols_inherit mobiles-cols_1 valign_top type_default stacking_default\"><div class=\"wpb_column vc_column_container\"><div class=\"vc_column-inner\"><div class=\"w-vwrapper align_none valign_top\"><div class=\"wpb_text_column\"><div class=\"wpb_wrapper\"><h4>79- Tagliatelle with Oxtail Rag\u00f9<\/h4>\n<\/div><\/div><div class=\"w-separator size_medium\"><\/div><\/div><\/div><\/div><div class=\"wpb_column vc_column_container\"><div class=\"vc_column-inner\"><\/div><\/div><\/div><\/div><\/div><\/div><div class=\"w-tabs-section\" id=\"baa4\"><button class=\"w-tabs-section-header with_icon\" aria-controls=\"content-baa4\" aria-expanded=\"false\"><i class=\"material-icons\">dinner_dining<\/i><div class=\"w-tabs-section-title\">SHORT PASTA<\/div><div class=\"w-tabs-section-control\"><\/div><\/button><div  class=\"w-tabs-section-content\" id=\"content-baa4\"><div class=\"w-tabs-section-content-h i-cf\"><div class=\"g-cols wpb_row via_grid cols_2 laptops-cols_inherit tablets-cols_inherit mobiles-cols_1 valign_top type_default stacking_default\"><div class=\"wpb_column vc_column_container\"><div class=\"vc_column-inner\"><div class=\"w-vwrapper align_none valign_top\"><div class=\"wpb_text_column\"><div class=\"wpb_wrapper\"><h4>80- Maccheroni with Pesto<\/h4>\n<p>With basil and walnut pesto.<\/p>\n<\/div><\/div><div class=\"w-separator size_medium\"><\/div><\/div><\/div><\/div><div class=\"wpb_column vc_column_container\"><div class=\"vc_column-inner\"><div class=\"w-vwrapper align_none valign_top\"><div class=\"wpb_text_column\"><div class=\"wpb_wrapper\"><h4>81- Maccheroni with Pesto and burrata<\/h4>\n<p>With basil and walnut pesto with fresh burrata.<\/p>\n<\/div><\/div><div class=\"w-separator size_medium\"><\/div><\/div><\/div><\/div><\/div><div class=\"g-cols wpb_row via_grid cols_2 laptops-cols_inherit tablets-cols_inherit mobiles-cols_1 valign_top type_default stacking_default\"><div class=\"wpb_column vc_column_container\"><div class=\"vc_column-inner\"><div class=\"w-vwrapper align_none valign_top\"><div class=\"wpb_text_column\"><div class=\"wpb_wrapper\"><h4>82- Four Cheese Maccheroni<\/h4>\n<p>Gorgonzola, pecorino, Parmesan, and brie.<\/p>\n<\/div><\/div><div class=\"w-separator size_medium\"><\/div><\/div><\/div><\/div><div class=\"wpb_column vc_column_container\"><div class=\"vc_column-inner\"><div class=\"w-vwrapper align_none valign_top\"><div class=\"wpb_text_column\"><div class=\"wpb_wrapper\"><h4>83- &#8220;Amatriciana&#8221; Maccheroni<\/h4>\n<p>With tomato, spring onion, guanciale, and chili pepper.<\/p>\n<\/div><\/div><div class=\"w-separator size_medium\"><\/div><\/div><\/div><\/div><\/div><div class=\"g-cols wpb_row via_grid cols_2 laptops-cols_inherit tablets-cols_inherit mobiles-cols_1 valign_top type_default stacking_default\"><div class=\"wpb_column vc_column_container\"><div class=\"vc_column-inner\"><div class=\"w-vwrapper align_none valign_top\"><div class=\"wpb_text_column\"><div class=\"wpb_wrapper\"><h4>84- &#8220;Arrabiata&#8221; Maccheroni<\/h4>\n<p>With garlic, chili pepper, parsley, and tomato sauce.<\/p>\n<\/div><\/div><div class=\"w-separator size_medium\"><\/div><\/div><\/div><\/div><div class=\"wpb_column vc_column_container\"><div class=\"vc_column-inner\"><\/div><\/div><\/div><\/div><\/div><\/div><div class=\"w-tabs-section\" id=\"y204\"><button class=\"w-tabs-section-header with_icon\" aria-controls=\"content-y204\" aria-expanded=\"false\"><i class=\"material-icons\">dinner_dining<\/i><div class=\"w-tabs-section-title\">FILLED PASTA<\/div><div class=\"w-tabs-section-control\"><\/div><\/button><div  class=\"w-tabs-section-content\" id=\"content-y204\"><div class=\"w-tabs-section-content-h i-cf\"><div class=\"g-cols wpb_row via_grid cols_2 laptops-cols_inherit tablets-cols_inherit mobiles-cols_1 valign_top type_default stacking_default\"><div class=\"wpb_column vc_column_container\"><div class=\"vc_column-inner\"><div class=\"w-vwrapper align_none valign_top\"><div class=\"wpb_text_column\"><div class=\"wpb_wrapper\"><h4>85- Green Ricotta and Spinach Ravioli<\/h4>\n<p>With basil pesto and nuts.<\/p>\n<\/div><\/div><div class=\"w-separator size_medium\"><\/div><\/div><\/div><\/div><div class=\"wpb_column vc_column_container\"><div class=\"vc_column-inner\"><div class=\"w-vwrapper align_none valign_top\"><div class=\"wpb_text_column\"><div class=\"wpb_wrapper\"><h4>86- Green Ricotta and Spinach Ravioli<\/h4>\n<p>With 4 cheese sauce:<\/p>\n<p>gorgonzola, pecorino, Parmesan, and brie.<\/p>\n<\/div><\/div><div class=\"w-separator size_medium\"><\/div><\/div><\/div><\/div><\/div><div class=\"g-cols wpb_row via_grid cols_2 laptops-cols_inherit tablets-cols_inherit mobiles-cols_1 valign_top type_default stacking_default\"><div class=\"wpb_column vc_column_container\"><div class=\"vc_column-inner\"><div class=\"w-vwrapper align_none valign_top\"><div class=\"wpb_text_column\"><div class=\"wpb_wrapper\"><h4>87- Black Angus Meat Ravioli<\/h4>\n<p>Saut\u00e9ed with garlic, Neapolitan sauce, and sausage meat.<\/p>\n<\/div><\/div><div class=\"w-separator size_medium\"><\/div><\/div><\/div><\/div><div class=\"wpb_column vc_column_container\"><div class=\"vc_column-inner\"><div class=\"w-vwrapper align_none valign_top\"><div class=\"wpb_text_column\"><div class=\"wpb_wrapper\"><h4>88- Black Angus Meat Ravioli<\/h4>\n<p>With porcini funghi, black truffle and cream.<\/p>\n<\/div><\/div><div class=\"w-separator size_medium\"><\/div><\/div><\/div><\/div><\/div><\/div><\/div><\/div><div class=\"w-tabs-section\" id=\"h8a9\"><button class=\"w-tabs-section-header with_icon\" aria-controls=\"content-h8a9\" aria-expanded=\"false\"><i class=\"fas fa-oven\"><\/i><div class=\"w-tabs-section-title\">BAKED PASTA<\/div><div class=\"w-tabs-section-control\"><\/div><\/button><div  class=\"w-tabs-section-content\" id=\"content-h8a9\"><div class=\"w-tabs-section-content-h i-cf\"><div class=\"g-cols wpb_row via_grid cols_2 laptops-cols_inherit tablets-cols_inherit mobiles-cols_1 valign_top type_default stacking_default\"><div class=\"wpb_column vc_column_container\"><div class=\"vc_column-inner\"><div class=\"w-vwrapper align_none valign_top\"><div class=\"wpb_text_column\"><div class=\"wpb_wrapper\"><h4>89- Meat Lasagna<\/h4>\n<p>Layers of fresh pasta filled with rag\u00f9 sauce and gratinated with cheese.<\/p>\n<\/div><\/div><div class=\"w-separator size_medium\"><\/div><\/div><\/div><\/div><\/div><\/div><\/div><\/div><\/div><\/div><\/div><\/div><\/div><\/div><\/section><section class=\"l-section wpb_row height_medium\"><div class=\"l-section-h i-cf\"><div class=\"g-cols vc_row via_grid cols_1 laptops-cols_inherit tablets-cols_inherit mobiles-cols_1 valign_top type_default stacking_default\"><div class=\"wpb_column vc_column_container\"><div class=\"vc_column-inner\"><div class=\"w-btn-wrapper align_none\"><a class=\"w-btn us-btn-style_1 us_custom_f1a4f275 us_animate_this\" title=\"Menu\" href=\"https:\/\/romatenerife.com\/en\/menu\/\"><span class=\"w-btn-label\">Back to Menu<\/span><\/a><\/div><div class=\"w-separator size_medium\"><\/div><\/div><\/div><\/div><\/div><\/section>\n","protected":false},"excerpt":{"rendered":"[vc_custom_heading text=\"MENU\" font_container=\"tag:div|text_align:left\" use_theme_fonts=\"yes\" css=\"%7B%22default%22%3A%7B%22text-align%22%3A%22center%22%2C%22font-size%22%3A%220.8rem%22%2C%22text-transform%22%3A%22uppercase%22%2C%22animation-name%22%3A%22fade%22%2C%22animation-delay%22%3A%220.5s%22%7D%7D\"][vc_custom_heading text=\"Fresh Pasta\" font_container=\"tag:h2|text_align:center\" use_theme_fonts=\"yes\" css=\"%7B%22default%22%3A%7B%22color%22%3A%22%23333333%22%2C%22text-transform%22%3A%22uppercase%22%2C%22animation-name%22%3A%22fade%22%2C%22animation-delay%22%3A%220.5s%22%7D%7D\"]dinner_diningFRESH PASTA65- Neapolitan Spaghetti With tomato sauce and basil. 66- Spaghetti Carbonara With guanciale, egg, onion, cream, Parmesan, salt, and black pepper. 67- Spaghetti Bolognese With meat rag\u00f9. 68- Spaghetti &#8220;Aglio, olio e peperoncino&#8221; Garlic, oil, and chili pepper. 69- Neapolitan Spaghetti with Sausage Saut\u00e9ed with...","protected":false},"author":2,"featured_media":0,"parent":0,"menu_order":0,"comment_status":"closed","ping_status":"closed","template":"","meta":{"footnotes":""},"class_list":["post-768","page","type-page","status-publish","hentry"],"yoast_head":"<!-- This site is optimized with the Yoast SEO Premium plugin v26.2 (Yoast SEO v26.2) - https:\/\/yoast.com\/wordpress\/plugins\/seo\/ -->\n<title>Fresh Pasta - Trattoria Roma | Gourmetland Tenerife<\/title>\n<meta name=\"robots\" content=\"index, follow, max-snippet:-1, max-image-preview:large, max-video-preview:-1\" \/>\n<link rel=\"canonical\" href=\"https:\/\/romatenerife.com\/en\/fresh-pasta\/\" \/>\n<meta property=\"og:locale\" content=\"en_US\" \/>\n<meta property=\"og:type\" content=\"article\" \/>\n<meta property=\"og:title\" content=\"Fresh Pasta\" \/>\n<meta property=\"og:url\" content=\"https:\/\/romatenerife.com\/en\/fresh-pasta\/\" \/>\n<meta property=\"og:site_name\" content=\"Trattoria Roma | Gourmetland Tenerife\" \/>\n<meta property=\"article:modified_time\" content=\"2025-08-25T07:22:53+00:00\" \/>\n<meta name=\"twitter:card\" content=\"summary_large_image\" \/>\n<meta name=\"twitter:label1\" content=\"Est. reading time\" \/>\n\t<meta name=\"twitter:data1\" content=\"2 minutes\" \/>\n<script type=\"application\/ld+json\" class=\"yoast-schema-graph\">{\"@context\":\"https:\/\/schema.org\",\"@graph\":[{\"@type\":\"WebPage\",\"@id\":\"https:\/\/romatenerife.com\/en\/fresh-pasta\/\",\"url\":\"https:\/\/romatenerife.com\/en\/fresh-pasta\/\",\"name\":\"Fresh Pasta - Trattoria Roma | Gourmetland Tenerife\",\"isPartOf\":{\"@id\":\"https:\/\/romatenerife.com\/#website\"},\"datePublished\":\"2024-03-21T09:34:21+00:00\",\"dateModified\":\"2025-08-25T07:22:53+00:00\",\"breadcrumb\":{\"@id\":\"https:\/\/romatenerife.com\/en\/fresh-pasta\/#breadcrumb\"},\"inLanguage\":\"en-US\",\"potentialAction\":[{\"@type\":\"ReadAction\",\"target\":[\"https:\/\/romatenerife.com\/en\/fresh-pasta\/\"]}]},{\"@type\":\"BreadcrumbList\",\"@id\":\"https:\/\/romatenerife.com\/en\/fresh-pasta\/#breadcrumb\",\"itemListElement\":[{\"@type\":\"ListItem\",\"position\":1,\"name\":\"Portada\",\"item\":\"https:\/\/romatenerife.com\/en\/home\/\"},{\"@type\":\"ListItem\",\"position\":2,\"name\":\"Fresh Pasta\"}]},{\"@type\":\"WebSite\",\"@id\":\"https:\/\/romatenerife.com\/#website\",\"url\":\"https:\/\/romatenerife.com\/\",\"name\":\"Trattoria Roma | Gourmetland Tenerife\",\"description\":\"Restaurante italiano en Tenerife Sur\",\"publisher\":{\"@id\":\"https:\/\/romatenerife.com\/#organization\"},\"potentialAction\":[{\"@type\":\"SearchAction\",\"target\":{\"@type\":\"EntryPoint\",\"urlTemplate\":\"https:\/\/romatenerife.com\/?s={search_term_string}\"},\"query-input\":{\"@type\":\"PropertyValueSpecification\",\"valueRequired\":true,\"valueName\":\"search_term_string\"}}],\"inLanguage\":\"en-US\"},{\"@type\":[\"Organization\",\"Place\",\"Restaurant\"],\"@id\":\"https:\/\/romatenerife.com\/#organization\",\"name\":\"Trattoria Roma\",\"url\":\"https:\/\/romatenerife.com\/\",\"logo\":{\"@id\":\"https:\/\/romatenerife.com\/en\/fresh-pasta\/#local-main-organization-logo\"},\"image\":{\"@id\":\"https:\/\/romatenerife.com\/en\/fresh-pasta\/#local-main-organization-logo\"},\"address\":{\"@id\":\"https:\/\/romatenerife.com\/en\/fresh-pasta\/#local-main-place-address\"},\"geo\":{\"@type\":\"GeoCoordinates\",\"latitude\":\"31.2282253712093\",\"longitude\":\"-17.455576983527454\"},\"telephone\":[],\"contactPoint\":{\"@type\":\"ContactPoint\",\"telephone\":\"922796115\",\"email\":\"info@romatenerife.com\"},\"openingHoursSpecification\":[{\"@type\":\"OpeningHoursSpecification\",\"dayOfWeek\":[\"Monday\",\"Tuesday\",\"Wednesday\",\"Thursday\",\"Friday\",\"Saturday\",\"Sunday\"],\"opens\":\"13:00\",\"closes\":\"23:00\"}],\"areaServed\":\"Tenerife\",\"priceRange\":\"$$\",\"currenciesAccepted\":\"Euro\"},{\"@type\":\"PostalAddress\",\"@id\":\"https:\/\/romatenerife.com\/en\/fresh-pasta\/#local-main-place-address\",\"streetAddress\":\"Safari Avenida de la Playa de las Am\u00e9ricas, 5, 38650 Playa de la Am\u00e9ricas, Santa Cruz de Tenerife\",\"addressLocality\":\"Playa de la Am\u00e9ricas\",\"postalCode\":\"38660\",\"addressCountry\":\"ES\"},{\"@type\":\"ImageObject\",\"inLanguage\":\"en-US\",\"@id\":\"https:\/\/romatenerife.com\/en\/fresh-pasta\/#local-main-organization-logo\",\"url\":\"https:\/\/romatenerife.com\/wp-content\/uploads\/2023\/05\/roma.png\",\"contentUrl\":\"https:\/\/romatenerife.com\/wp-content\/uploads\/2023\/05\/roma.png\",\"width\":350,\"height\":350,\"caption\":\"Trattoria Roma\"}]}<\/script>\n<meta name=\"geo.placename\" content=\"Playa de la Am\u00e9ricas\" \/>\n<meta name=\"geo.position\" content=\"31.2282253712093;-17.455576983527454\" \/>\n<meta name=\"geo.region\" content=\"Spain\" \/>\n<!-- \/ Yoast SEO Premium plugin. -->","yoast_head_json":{"title":"Fresh Pasta - Trattoria Roma | Gourmetland Tenerife","robots":{"index":"index","follow":"follow","max-snippet":"max-snippet:-1","max-image-preview":"max-image-preview:large","max-video-preview":"max-video-preview:-1"},"canonical":"https:\/\/romatenerife.com\/en\/fresh-pasta\/","og_locale":"en_US","og_type":"article","og_title":"Fresh Pasta","og_url":"https:\/\/romatenerife.com\/en\/fresh-pasta\/","og_site_name":"Trattoria Roma | Gourmetland Tenerife","article_modified_time":"2025-08-25T07:22:53+00:00","twitter_card":"summary_large_image","twitter_misc":{"Est. reading time":"2 minutes"},"schema":{"@context":"https:\/\/schema.org","@graph":[{"@type":"WebPage","@id":"https:\/\/romatenerife.com\/en\/fresh-pasta\/","url":"https:\/\/romatenerife.com\/en\/fresh-pasta\/","name":"Fresh Pasta - Trattoria Roma | Gourmetland Tenerife","isPartOf":{"@id":"https:\/\/romatenerife.com\/#website"},"datePublished":"2024-03-21T09:34:21+00:00","dateModified":"2025-08-25T07:22:53+00:00","breadcrumb":{"@id":"https:\/\/romatenerife.com\/en\/fresh-pasta\/#breadcrumb"},"inLanguage":"en-US","potentialAction":[{"@type":"ReadAction","target":["https:\/\/romatenerife.com\/en\/fresh-pasta\/"]}]},{"@type":"BreadcrumbList","@id":"https:\/\/romatenerife.com\/en\/fresh-pasta\/#breadcrumb","itemListElement":[{"@type":"ListItem","position":1,"name":"Portada","item":"https:\/\/romatenerife.com\/en\/home\/"},{"@type":"ListItem","position":2,"name":"Fresh Pasta"}]},{"@type":"WebSite","@id":"https:\/\/romatenerife.com\/#website","url":"https:\/\/romatenerife.com\/","name":"Trattoria Roma | Gourmetland Tenerife","description":"Restaurante italiano en Tenerife Sur","publisher":{"@id":"https:\/\/romatenerife.com\/#organization"},"potentialAction":[{"@type":"SearchAction","target":{"@type":"EntryPoint","urlTemplate":"https:\/\/romatenerife.com\/?s={search_term_string}"},"query-input":{"@type":"PropertyValueSpecification","valueRequired":true,"valueName":"search_term_string"}}],"inLanguage":"en-US"},{"@type":["Organization","Place","Restaurant"],"@id":"https:\/\/romatenerife.com\/#organization","name":"Trattoria Roma","url":"https:\/\/romatenerife.com\/","logo":{"@id":"https:\/\/romatenerife.com\/en\/fresh-pasta\/#local-main-organization-logo"},"image":{"@id":"https:\/\/romatenerife.com\/en\/fresh-pasta\/#local-main-organization-logo"},"address":{"@id":"https:\/\/romatenerife.com\/en\/fresh-pasta\/#local-main-place-address"},"geo":{"@type":"GeoCoordinates","latitude":"31.2282253712093","longitude":"-17.455576983527454"},"telephone":[],"contactPoint":{"@type":"ContactPoint","telephone":"922796115","email":"info@romatenerife.com"},"openingHoursSpecification":[{"@type":"OpeningHoursSpecification","dayOfWeek":["Monday","Tuesday","Wednesday","Thursday","Friday","Saturday","Sunday"],"opens":"13:00","closes":"23:00"}],"areaServed":"Tenerife","priceRange":"$$","currenciesAccepted":"Euro"},{"@type":"PostalAddress","@id":"https:\/\/romatenerife.com\/en\/fresh-pasta\/#local-main-place-address","streetAddress":"Safari Avenida de la Playa de las Am\u00e9ricas, 5, 38650 Playa de la Am\u00e9ricas, Santa Cruz de Tenerife","addressLocality":"Playa de la Am\u00e9ricas","postalCode":"38660","addressCountry":"ES"},{"@type":"ImageObject","inLanguage":"en-US","@id":"https:\/\/romatenerife.com\/en\/fresh-pasta\/#local-main-organization-logo","url":"https:\/\/romatenerife.com\/wp-content\/uploads\/2023\/05\/roma.png","contentUrl":"https:\/\/romatenerife.com\/wp-content\/uploads\/2023\/05\/roma.png","width":350,"height":350,"caption":"Trattoria Roma"}]},"geo.placename":"Playa de la Am\u00e9ricas","geo.position":{"lat":"31.2282253712093","long":"-17.455576983527454"},"geo.region":"Spain"},"_links":{"self":[{"href":"https:\/\/romatenerife.com\/en\/wp-json\/wp\/v2\/pages\/768","targetHints":{"allow":["GET"]}}],"collection":[{"href":"https:\/\/romatenerife.com\/en\/wp-json\/wp\/v2\/pages"}],"about":[{"href":"https:\/\/romatenerife.com\/en\/wp-json\/wp\/v2\/types\/page"}],"author":[{"embeddable":true,"href":"https:\/\/romatenerife.com\/en\/wp-json\/wp\/v2\/users\/2"}],"replies":[{"embeddable":true,"href":"https:\/\/romatenerife.com\/en\/wp-json\/wp\/v2\/comments?post=768"}],"version-history":[{"count":5,"href":"https:\/\/romatenerife.com\/en\/wp-json\/wp\/v2\/pages\/768\/revisions"}],"predecessor-version":[{"id":921,"href":"https:\/\/romatenerife.com\/en\/wp-json\/wp\/v2\/pages\/768\/revisions\/921"}],"wp:attachment":[{"href":"https:\/\/romatenerife.com\/en\/wp-json\/wp\/v2\/media?parent=768"}],"curies":[{"name":"wp","href":"https:\/\/api.w.org\/{rel}","templated":true}]}}