{"id":523,"date":"2023-04-18T07:24:47","date_gmt":"2023-04-18T07:24:47","guid":{"rendered":"https:\/\/romatenerife.com\/?page_id=523"},"modified":"2026-05-14T07:56:22","modified_gmt":"2026-05-14T07:56:22","slug":"menu","status":"publish","type":"page","link":"https:\/\/romatenerife.com\/es\/menu\/","title":{"rendered":"Men\u00fa"},"content":{"rendered":"<section class=\"l-section wpb_row us_custom_de67d1db height_medium width_full\"><div class=\"l-section-h i-cf\"><div class=\"g-cols vc_row via_grid cols_1 laptops-cols_inherit tablets-cols_inherit mobiles-cols_1 valign_top type_default stacking_default\"><div class=\"wpb_column vc_column_container\"><div class=\"vc_column-inner\">[vc_custom_heading text=\u00bbPLATOS PARA TODOS LOS GUSTOS\u00bb font_container=\u00bbtag:div|text_align:left\u00bb use_theme_fonts=\u00bbyes\u00bb css=\u00bb%7B%22default%22%3A%7B%22text-align%22%3A%22center%22%2C%22font-size%22%3A%220.8rem%22%2C%22text-transform%22%3A%22uppercase%22%2C%22animation-name%22%3A%22fade%22%2C%22animation-delay%22%3A%220.5s%22%7D%7D\u00bb][vc_custom_heading text=\u00bbMEN\u00da\u00bb font_container=\u00bbtag:h2|text_align:center\u00bb use_theme_fonts=\u00bbyes\u00bb css=\u00bb%7B%22default%22%3A%7B%22color%22%3A%22%23333333%22%2C%22animation-name%22%3A%22fade%22%2C%22animation-delay%22%3A%220.5s%22%7D%7D\u00bb]<div class=\"w-image us_custom_f1a4f275 us_animate_this align_center\"><div class=\"w-image-h\"><img loading=\"lazy\" decoding=\"async\" width=\"116\" height=\"5\" src=\"https:\/\/romatenerife.com\/wp-content\/uploads\/2022\/12\/separador.png\" class=\"attachment-full size-full\" alt=\"\" \/><\/div><\/div><\/div><\/div><\/div><\/div><\/section><section class=\"l-section wpb_row us_custom_f1a4f275 menu us_animate_this height_auto\"><div class=\"l-section-h i-cf\"><div class=\"g-cols vc_row via_grid cols_2 laptops-cols_inherit tablets-cols_inherit mobiles-cols_1 valign_middle type_default stacking_default\" style=\"grid-gap:2rem;\"><div class=\"wpb_column vc_column_container us_custom_6cc9ed5a has_bg_color has-link\"><div class=\"vc_column-inner\"><h2 class=\"w-text us_custom_d44d8758 middle has_text_color\"><span class=\"w-text-h\"><span class=\"w-text-value\">Entrantes<\/span><\/span><\/h2><\/div><a href=\"https:\/\/romatenerife.com\/es\/entrantes\/\" class=\"vc_column-link smooth-scroll\" aria-label=\"Enlace\"><\/a><\/div><div class=\"wpb_column vc_column_container us_custom_682161dc has_bg_color has-link\"><div class=\"vc_column-inner\"><h2 class=\"w-text us_custom_d44d8758 has_text_color\"><span class=\"w-text-h\"><span class=\"w-text-value\">Pescados<\/span><\/span><\/h2><\/div><a title=\"Carnes\" href=\"https:\/\/romatenerife.com\/es\/pescados\/\" class=\"vc_column-link smooth-scroll\"><\/a><\/div><div class=\"wpb_column vc_column_container us_custom_fad30b82 has_bg_color has-link\"><div class=\"vc_column-inner\"><h2 class=\"w-text us_custom_d44d8758 has_text_color\"><span class=\"w-text-h\"><span class=\"w-text-value\">Carnes<\/span><\/span><\/h2><\/div><a title=\"Carnes\" href=\"https:\/\/romatenerife.com\/es\/carnes\/\" class=\"vc_column-link smooth-scroll\"><\/a><\/div><div class=\"wpb_column vc_column_container us_custom_1d96fbad has_bg_color has-link\"><div class=\"vc_column-inner\"><h2 class=\"w-text us_custom_d44d8758 has_text_color\"><span class=\"w-text-h\"><span class=\"w-text-value\">Pastas<\/span><\/span><\/h2><\/div><a title=\"Pastas frescas\" href=\"https:\/\/romatenerife.com\/es\/pastas-frescas\/\" class=\"vc_column-link smooth-scroll\"><\/a><\/div><div class=\"wpb_column vc_column_container us_custom_2c0edd2e has_bg_color has-link\"><div class=\"vc_column-inner\"><h2 class=\"w-text us_custom_d44d8758 has_text_color\"><span class=\"w-text-h\"><span class=\"w-text-value\">Pizzas Gourmet<\/span><\/span><\/h2><\/div><a title=\"Pizzas Gourmet\" href=\"https:\/\/romatenerife.com\/es\/pizzas-gourmet\/\" class=\"vc_column-link smooth-scroll\"><\/a><\/div><\/div><\/div><\/section><section class=\"l-section wpb_row us_custom_f1a4f275 us_animate_this height_medium\"><div class=\"l-section-h i-cf\"><div class=\"g-cols vc_row via_grid cols_1 laptops-cols_inherit tablets-cols_inherit mobiles-cols_1 valign_top type_default stacking_default\"><div class=\"wpb_column vc_column_container\"><div class=\"vc_column-inner\"><div class=\"wpb_text_column us_custom_b767dbc6\"><div class=\"wpb_wrapper\"><p style=\"text-align: center;\">Disfruta de la aut\u00e9ntica <strong>comida italiana en Tenerife<\/strong> en <strong>Trattoria Roma<\/strong>. Saborea nuestras deliciosas pastas y pizzas. \u00a1Una experiencia gastron\u00f3mica que te llevar\u00e1 a Italia en cada bocado!<\/p>\n<\/div><\/div><\/div><\/div><\/div><\/div><\/section>\n","protected":false},"excerpt":{"rendered":"[vc_custom_heading text=\"PLATOS PARA TODOS LOS GUSTOS\" font_container=\"tag:div|text_align:left\" use_theme_fonts=\"yes\" css=\"%7B%22default%22%3A%7B%22text-align%22%3A%22center%22%2C%22font-size%22%3A%220.8rem%22%2C%22text-transform%22%3A%22uppercase%22%2C%22animation-name%22%3A%22fade%22%2C%22animation-delay%22%3A%220.5s%22%7D%7D\"][vc_custom_heading text=\"MEN\u00da\" font_container=\"tag:h2|text_align:center\" use_theme_fonts=\"yes\" css=\"%7B%22default%22%3A%7B%22color%22%3A%22%23333333%22%2C%22animation-name%22%3A%22fade%22%2C%22animation-delay%22%3A%220.5s%22%7D%7D\"]EntrantesPescadosCarnesPastasPizzas GourmetDisfruta de la aut\u00e9ntica comida italiana en Tenerife en Trattoria Roma. Saborea nuestras deliciosas pastas y pizzas. \u00a1Una experiencia gastron\u00f3mica que te llevar\u00e1 a Italia en cada bocado!","protected":false},"author":1,"featured_media":717,"parent":0,"menu_order":0,"comment_status":"closed","ping_status":"closed","template":"","meta":{"footnotes":""},"class_list":["post-523","page","type-page","status-publish","has-post-thumbnail","hentry"],"yoast_head":"<!-- This site is optimized with the Yoast SEO Premium plugin v26.2 (Yoast SEO v26.2) - https:\/\/yoast.com\/wordpress\/plugins\/seo\/ -->\n<title>Men\u00fa | Restaurante Italiano en Tenerife - Trattoria Roma | Gourmetland Tenerife<\/title>\n<meta name=\"description\" content=\"\u00a1Conoce nuestro men\u00fa! Disfruta de la aut\u00e9ntica comida italiana en Tenerife en Trattoria Roma. Saborea nuestras deliciosas pastas y pizzas.\" \/>\n<meta name=\"robots\" content=\"index, follow, max-snippet:-1, max-image-preview:large, max-video-preview:-1\" \/>\n<link rel=\"canonical\" href=\"https:\/\/romatenerife.com\/es\/menu\/\" \/>\n<meta property=\"og:locale\" content=\"es_ES\" \/>\n<meta property=\"og:type\" content=\"article\" \/>\n<meta property=\"og:title\" content=\"Men\u00fa\" \/>\n<meta property=\"og:description\" content=\"\u00a1Conoce nuestro men\u00fa! Disfruta de la aut\u00e9ntica comida italiana en Tenerife en Trattoria Roma. Saborea nuestras deliciosas pastas y pizzas.\" \/>\n<meta property=\"og:url\" content=\"https:\/\/romatenerife.com\/es\/menu\/\" \/>\n<meta property=\"og:site_name\" content=\"Trattoria Roma | Gourmetland Tenerife\" \/>\n<meta property=\"article:modified_time\" content=\"2026-05-14T07:56:22+00:00\" \/>\n<meta property=\"og:image\" content=\"https:\/\/romatenerife.com\/wp-content\/uploads\/2024\/02\/gl-safari-trattoriaroma1-42.jpg\" \/>\n\t<meta property=\"og:image:width\" content=\"1240\" \/>\n\t<meta property=\"og:image:height\" content=\"1550\" \/>\n\t<meta property=\"og:image:type\" content=\"image\/jpeg\" \/>\n<meta name=\"twitter:card\" content=\"summary_large_image\" \/>\n<meta name=\"twitter:label1\" content=\"Tiempo de lectura\" \/>\n\t<meta name=\"twitter:data1\" content=\"1 minuto\" \/>\n<script type=\"application\/ld+json\" class=\"yoast-schema-graph\">{\"@context\":\"https:\/\/schema.org\",\"@graph\":[{\"@type\":\"WebPage\",\"@id\":\"https:\/\/romatenerife.com\/es\/menu\/\",\"url\":\"https:\/\/romatenerife.com\/es\/menu\/\",\"name\":\"Men\u00fa | Restaurante Italiano en Tenerife - Trattoria Roma | Gourmetland Tenerife\",\"isPartOf\":{\"@id\":\"https:\/\/romatenerife.com\/#website\"},\"primaryImageOfPage\":{\"@id\":\"https:\/\/romatenerife.com\/es\/menu\/#primaryimage\"},\"image\":{\"@id\":\"https:\/\/romatenerife.com\/es\/menu\/#primaryimage\"},\"thumbnailUrl\":\"https:\/\/romatenerife.com\/wp-content\/uploads\/2024\/02\/gl-safari-trattoriaroma1-42.jpg\",\"datePublished\":\"2023-04-18T07:24:47+00:00\",\"dateModified\":\"2026-05-14T07:56:22+00:00\",\"description\":\"\u00a1Conoce nuestro men\u00fa! Disfruta de la aut\u00e9ntica comida italiana en Tenerife en Trattoria Roma. Saborea nuestras deliciosas pastas y pizzas.\",\"breadcrumb\":{\"@id\":\"https:\/\/romatenerife.com\/es\/menu\/#breadcrumb\"},\"inLanguage\":\"es\",\"potentialAction\":[{\"@type\":\"ReadAction\",\"target\":[\"https:\/\/romatenerife.com\/es\/menu\/\"]}]},{\"@type\":\"ImageObject\",\"inLanguage\":\"es\",\"@id\":\"https:\/\/romatenerife.com\/es\/menu\/#primaryimage\",\"url\":\"https:\/\/romatenerife.com\/wp-content\/uploads\/2024\/02\/gl-safari-trattoriaroma1-42.jpg\",\"contentUrl\":\"https:\/\/romatenerife.com\/wp-content\/uploads\/2024\/02\/gl-safari-trattoriaroma1-42.jpg\",\"width\":1240,\"height\":1550,\"caption\":\"comida italiana en tenerife\"},{\"@type\":\"BreadcrumbList\",\"@id\":\"https:\/\/romatenerife.com\/es\/menu\/#breadcrumb\",\"itemListElement\":[{\"@type\":\"ListItem\",\"position\":1,\"name\":\"Portada\",\"item\":\"https:\/\/romatenerife.com\/es\/\"},{\"@type\":\"ListItem\",\"position\":2,\"name\":\"Men\u00fa\"}]},{\"@type\":\"WebSite\",\"@id\":\"https:\/\/romatenerife.com\/#website\",\"url\":\"https:\/\/romatenerife.com\/\",\"name\":\"Trattoria Roma | Gourmetland Tenerife\",\"description\":\"Restaurante italiano en Tenerife Sur\",\"publisher\":{\"@id\":\"https:\/\/romatenerife.com\/#organization\"},\"potentialAction\":[{\"@type\":\"SearchAction\",\"target\":{\"@type\":\"EntryPoint\",\"urlTemplate\":\"https:\/\/romatenerife.com\/?s={search_term_string}\"},\"query-input\":{\"@type\":\"PropertyValueSpecification\",\"valueRequired\":true,\"valueName\":\"search_term_string\"}}],\"inLanguage\":\"es\"},{\"@type\":[\"Organization\",\"Place\",\"Restaurant\"],\"@id\":\"https:\/\/romatenerife.com\/#organization\",\"name\":\"Trattoria Roma\",\"url\":\"https:\/\/romatenerife.com\/\",\"logo\":{\"@id\":\"https:\/\/romatenerife.com\/es\/menu\/#local-main-organization-logo\"},\"image\":{\"@id\":\"https:\/\/romatenerife.com\/es\/menu\/#local-main-organization-logo\"},\"address\":{\"@id\":\"https:\/\/romatenerife.com\/es\/menu\/#local-main-place-address\"},\"geo\":{\"@type\":\"GeoCoordinates\",\"latitude\":\"31.2282253712093\",\"longitude\":\"-17.455576983527454\"},\"telephone\":[],\"contactPoint\":{\"@type\":\"ContactPoint\",\"telephone\":\"922796115\",\"email\":\"info@romatenerife.com\"},\"openingHoursSpecification\":[{\"@type\":\"OpeningHoursSpecification\",\"dayOfWeek\":[\"Monday\",\"Tuesday\",\"Wednesday\",\"Thursday\",\"Friday\",\"Saturday\",\"Sunday\"],\"opens\":\"13:00\",\"closes\":\"23:00\"}],\"areaServed\":\"Tenerife\",\"priceRange\":\"$$\",\"currenciesAccepted\":\"Euro\"},{\"@type\":\"PostalAddress\",\"@id\":\"https:\/\/romatenerife.com\/es\/menu\/#local-main-place-address\",\"streetAddress\":\"Safari Avenida de la Playa de las Am\u00e9ricas, 5, 38650 Playa de la Am\u00e9ricas, Santa Cruz de Tenerife\",\"addressLocality\":\"Playa de la Am\u00e9ricas\",\"postalCode\":\"38660\",\"addressCountry\":\"ES\"},{\"@type\":\"ImageObject\",\"inLanguage\":\"es\",\"@id\":\"https:\/\/romatenerife.com\/es\/menu\/#local-main-organization-logo\",\"url\":\"https:\/\/romatenerife.com\/wp-content\/uploads\/2023\/05\/roma.png\",\"contentUrl\":\"https:\/\/romatenerife.com\/wp-content\/uploads\/2023\/05\/roma.png\",\"width\":350,\"height\":350,\"caption\":\"Trattoria Roma\"}]}<\/script>\n<meta name=\"geo.placename\" content=\"Playa de la Am\u00e9ricas\" \/>\n<meta name=\"geo.position\" content=\"31.2282253712093;-17.455576983527454\" \/>\n<meta name=\"geo.region\" content=\"Espa\u00f1a\" \/>\n<!-- \/ Yoast SEO Premium plugin. -->","yoast_head_json":{"title":"Men\u00fa | Restaurante Italiano en Tenerife - Trattoria Roma | Gourmetland Tenerife","description":"\u00a1Conoce nuestro men\u00fa! Disfruta de la aut\u00e9ntica comida italiana en Tenerife en Trattoria Roma. Saborea nuestras deliciosas pastas y pizzas.","robots":{"index":"index","follow":"follow","max-snippet":"max-snippet:-1","max-image-preview":"max-image-preview:large","max-video-preview":"max-video-preview:-1"},"canonical":"https:\/\/romatenerife.com\/es\/menu\/","og_locale":"es_ES","og_type":"article","og_title":"Men\u00fa","og_description":"\u00a1Conoce nuestro men\u00fa! Disfruta de la aut\u00e9ntica comida italiana en Tenerife en Trattoria Roma. Saborea nuestras deliciosas pastas y pizzas.","og_url":"https:\/\/romatenerife.com\/es\/menu\/","og_site_name":"Trattoria Roma | Gourmetland Tenerife","article_modified_time":"2026-05-14T07:56:22+00:00","og_image":[{"width":1240,"height":1550,"url":"https:\/\/romatenerife.com\/wp-content\/uploads\/2024\/02\/gl-safari-trattoriaroma1-42.jpg","type":"image\/jpeg"}],"twitter_card":"summary_large_image","twitter_misc":{"Tiempo de lectura":"1 minuto"},"schema":{"@context":"https:\/\/schema.org","@graph":[{"@type":"WebPage","@id":"https:\/\/romatenerife.com\/es\/menu\/","url":"https:\/\/romatenerife.com\/es\/menu\/","name":"Men\u00fa | Restaurante Italiano en Tenerife - Trattoria Roma | Gourmetland Tenerife","isPartOf":{"@id":"https:\/\/romatenerife.com\/#website"},"primaryImageOfPage":{"@id":"https:\/\/romatenerife.com\/es\/menu\/#primaryimage"},"image":{"@id":"https:\/\/romatenerife.com\/es\/menu\/#primaryimage"},"thumbnailUrl":"https:\/\/romatenerife.com\/wp-content\/uploads\/2024\/02\/gl-safari-trattoriaroma1-42.jpg","datePublished":"2023-04-18T07:24:47+00:00","dateModified":"2026-05-14T07:56:22+00:00","description":"\u00a1Conoce nuestro men\u00fa! Disfruta de la aut\u00e9ntica comida italiana en Tenerife en Trattoria Roma. Saborea nuestras deliciosas pastas y pizzas.","breadcrumb":{"@id":"https:\/\/romatenerife.com\/es\/menu\/#breadcrumb"},"inLanguage":"es","potentialAction":[{"@type":"ReadAction","target":["https:\/\/romatenerife.com\/es\/menu\/"]}]},{"@type":"ImageObject","inLanguage":"es","@id":"https:\/\/romatenerife.com\/es\/menu\/#primaryimage","url":"https:\/\/romatenerife.com\/wp-content\/uploads\/2024\/02\/gl-safari-trattoriaroma1-42.jpg","contentUrl":"https:\/\/romatenerife.com\/wp-content\/uploads\/2024\/02\/gl-safari-trattoriaroma1-42.jpg","width":1240,"height":1550,"caption":"comida italiana en tenerife"},{"@type":"BreadcrumbList","@id":"https:\/\/romatenerife.com\/es\/menu\/#breadcrumb","itemListElement":[{"@type":"ListItem","position":1,"name":"Portada","item":"https:\/\/romatenerife.com\/es\/"},{"@type":"ListItem","position":2,"name":"Men\u00fa"}]},{"@type":"WebSite","@id":"https:\/\/romatenerife.com\/#website","url":"https:\/\/romatenerife.com\/","name":"Trattoria Roma | Gourmetland Tenerife","description":"Restaurante italiano en Tenerife Sur","publisher":{"@id":"https:\/\/romatenerife.com\/#organization"},"potentialAction":[{"@type":"SearchAction","target":{"@type":"EntryPoint","urlTemplate":"https:\/\/romatenerife.com\/?s={search_term_string}"},"query-input":{"@type":"PropertyValueSpecification","valueRequired":true,"valueName":"search_term_string"}}],"inLanguage":"es"},{"@type":["Organization","Place","Restaurant"],"@id":"https:\/\/romatenerife.com\/#organization","name":"Trattoria Roma","url":"https:\/\/romatenerife.com\/","logo":{"@id":"https:\/\/romatenerife.com\/es\/menu\/#local-main-organization-logo"},"image":{"@id":"https:\/\/romatenerife.com\/es\/menu\/#local-main-organization-logo"},"address":{"@id":"https:\/\/romatenerife.com\/es\/menu\/#local-main-place-address"},"geo":{"@type":"GeoCoordinates","latitude":"31.2282253712093","longitude":"-17.455576983527454"},"telephone":[],"contactPoint":{"@type":"ContactPoint","telephone":"922796115","email":"info@romatenerife.com"},"openingHoursSpecification":[{"@type":"OpeningHoursSpecification","dayOfWeek":["Monday","Tuesday","Wednesday","Thursday","Friday","Saturday","Sunday"],"opens":"13:00","closes":"23:00"}],"areaServed":"Tenerife","priceRange":"$$","currenciesAccepted":"Euro"},{"@type":"PostalAddress","@id":"https:\/\/romatenerife.com\/es\/menu\/#local-main-place-address","streetAddress":"Safari Avenida de la Playa de las Am\u00e9ricas, 5, 38650 Playa de la Am\u00e9ricas, Santa Cruz de Tenerife","addressLocality":"Playa de la Am\u00e9ricas","postalCode":"38660","addressCountry":"ES"},{"@type":"ImageObject","inLanguage":"es","@id":"https:\/\/romatenerife.com\/es\/menu\/#local-main-organization-logo","url":"https:\/\/romatenerife.com\/wp-content\/uploads\/2023\/05\/roma.png","contentUrl":"https:\/\/romatenerife.com\/wp-content\/uploads\/2023\/05\/roma.png","width":350,"height":350,"caption":"Trattoria Roma"}]},"geo.placename":"Playa de la Am\u00e9ricas","geo.position":{"lat":"31.2282253712093","long":"-17.455576983527454"},"geo.region":"Espa\u00f1a"},"_links":{"self":[{"href":"https:\/\/romatenerife.com\/es\/wp-json\/wp\/v2\/pages\/523","targetHints":{"allow":["GET"]}}],"collection":[{"href":"https:\/\/romatenerife.com\/es\/wp-json\/wp\/v2\/pages"}],"about":[{"href":"https:\/\/romatenerife.com\/es\/wp-json\/wp\/v2\/types\/page"}],"author":[{"embeddable":true,"href":"https:\/\/romatenerife.com\/es\/wp-json\/wp\/v2\/users\/1"}],"replies":[{"embeddable":true,"href":"https:\/\/romatenerife.com\/es\/wp-json\/wp\/v2\/comments?post=523"}],"version-history":[{"count":13,"href":"https:\/\/romatenerife.com\/es\/wp-json\/wp\/v2\/pages\/523\/revisions"}],"predecessor-version":[{"id":957,"href":"https:\/\/romatenerife.com\/es\/wp-json\/wp\/v2\/pages\/523\/revisions\/957"}],"wp:featuredmedia":[{"embeddable":true,"href":"https:\/\/romatenerife.com\/es\/wp-json\/wp\/v2\/media\/717"}],"wp:attachment":[{"href":"https:\/\/romatenerife.com\/es\/wp-json\/wp\/v2\/media?parent=523"}],"curies":[{"name":"wp","href":"https:\/\/api.w.org\/{rel}","templated":true}]}}